{"id":1793,"date":"2021-12-28T11:54:10","date_gmt":"2021-12-28T11:54:10","guid":{"rendered":"https:\/\/fitecbot.com\/questions-frequentes\/"},"modified":"2023-03-06T10:20:30","modified_gmt":"2023-03-06T10:20:30","slug":"questions-frequentes","status":"publish","type":"page","link":"https:\/\/fitecbot.com\/fr\/questions-frequentes\/","title":{"rendered":"Questions Fr\u00e9quentes"},"content":{"rendered":"\t\t<div data-elementor-type=\"wp-page\" data-elementor-id=\"1793\" class=\"elementor elementor-1793 elementor-1133\">\n\t\t\t\t\t\t\t\t\t<section class=\"elementor-section elementor-top-section elementor-element elementor-element-44d0473 elementor-section-full_width elementor-section-height-default elementor-section-height-default\" data-id=\"44d0473\" data-element_type=\"section\" data-settings=\"{&quot;background_background&quot;:&quot;classic&quot;}\">\n\t\t\t\t\t\t<div class=\"elementor-container elementor-column-gap-default\">\n\t\t\t\t\t<div class=\"elementor-column elementor-col-100 elementor-top-column elementor-element elementor-element-64f2a71\" data-id=\"64f2a71\" data-element_type=\"column\">\n\t\t\t<div class=\"elementor-widget-wrap elementor-element-populated\">\n\t\t\t\t\t\t\t\t<div class=\"elementor-element elementor-element-cd0a2dd elementor-absolute elementor-widget elementor-widget-heading\" data-id=\"cd0a2dd\" data-element_type=\"widget\" data-settings=\"{&quot;_position&quot;:&quot;absolute&quot;}\" data-widget_type=\"heading.default\">\n\t\t\t\t<div class=\"elementor-widget-container\">\n\t\t\t<style>\/*! elementor - v3.14.0 - 18-06-2023 *\/\n.elementor-heading-title{padding:0;margin:0;line-height:1}.elementor-widget-heading .elementor-heading-title[class*=elementor-size-]>a{color:inherit;font-size:inherit;line-height:inherit}.elementor-widget-heading .elementor-heading-title.elementor-size-small{font-size:15px}.elementor-widget-heading .elementor-heading-title.elementor-size-medium{font-size:19px}.elementor-widget-heading .elementor-heading-title.elementor-size-large{font-size:29px}.elementor-widget-heading .elementor-heading-title.elementor-size-xl{font-size:39px}.elementor-widget-heading .elementor-heading-title.elementor-size-xxl{font-size:59px}<\/style><h2 class=\"elementor-heading-title elementor-size-default\">Questions Fr\u00e9quentes<\/h2>\t\t<\/div>\n\t\t\t\t<\/div>\n\t\t\t\t\t<\/div>\n\t\t<\/div>\n\t\t\t\t\t\t\t<\/div>\n\t\t<\/section>\n\t\t\t\t<section class=\"elementor-section elementor-top-section elementor-element elementor-element-6b1e41d elementor-section-boxed elementor-section-height-default elementor-section-height-default\" data-id=\"6b1e41d\" data-element_type=\"section\" data-settings=\"{&quot;background_background&quot;:&quot;classic&quot;}\">\n\t\t\t\t\t\t<div class=\"elementor-container elementor-column-gap-default\">\n\t\t\t\t\t<div class=\"elementor-column elementor-col-100 elementor-top-column elementor-element elementor-element-4cba826\" data-id=\"4cba826\" data-element_type=\"column\">\n\t\t\t<div class=\"elementor-widget-wrap elementor-element-populated\">\n\t\t\t\t\t\t\t\t<div class=\"elementor-element elementor-element-6928ea8 elementor-widget elementor-widget-heading\" data-id=\"6928ea8\" data-element_type=\"widget\" data-widget_type=\"heading.default\">\n\t\t\t\t<div class=\"elementor-widget-container\">\n\t\t\t<h2 class=\"elementor-heading-title elementor-size-default\">Qu\u2019est ce qui rend Fitecbot unique ? <\/h2>\t\t<\/div>\n\t\t\t\t<\/div>\n\t\t\t\t<div class=\"elementor-element elementor-element-8b45082 elementor-widget elementor-widget-text-editor\" data-id=\"8b45082\" data-element_type=\"widget\" data-widget_type=\"text-editor.default\">\n\t\t\t\t<div class=\"elementor-widget-container\">\n\t\t\t<style>\/*! elementor - v3.14.0 - 18-06-2023 *\/\n.elementor-widget-text-editor.elementor-drop-cap-view-stacked .elementor-drop-cap{background-color:#69727d;color:#fff}.elementor-widget-text-editor.elementor-drop-cap-view-framed .elementor-drop-cap{color:#69727d;border:3px solid;background-color:transparent}.elementor-widget-text-editor:not(.elementor-drop-cap-view-default) .elementor-drop-cap{margin-top:8px}.elementor-widget-text-editor:not(.elementor-drop-cap-view-default) .elementor-drop-cap-letter{width:1em;height:1em}.elementor-widget-text-editor .elementor-drop-cap{float:left;text-align:center;line-height:1;font-size:50px}.elementor-widget-text-editor .elementor-drop-cap-letter{display:inline-block}<\/style>\t\t\t\t<p>Nous avons cr\u00e9\u00e9 Fitecbot afin de faire grandir votre capital gr\u00e2ce \u00e0 nos algorithmes exclusifs.<\/p>\n<p>Notre logiciel \u201cEvolution\u201d montre un historique de rendements tr\u00e8s attractif compar\u00e9 \u00e0 d\u2019autres logiciels. Cependant, notre sp\u00e9cificit\u00e9 se caract\u00e9rise par notre gestion du risque, notre flexibilit\u00e9 et notre communication directe avec tous nos clients.<\/p>\n\t\t\t\t\t\t<\/div>\n\t\t\t\t<\/div>\n\t\t\t\t<div class=\"elementor-element elementor-element-1897423 elementor-widget elementor-widget-heading\" data-id=\"1897423\" data-element_type=\"widget\" data-widget_type=\"heading.default\">\n\t\t\t\t<div class=\"elementor-widget-container\">\n\t\t\t<h2 class=\"elementor-heading-title elementor-size-default\">Comment Fitecbot peut garantir que je ne perdrai pas mon investissement <\/h2>\t\t<\/div>\n\t\t\t\t<\/div>\n\t\t\t\t<div class=\"elementor-element elementor-element-7e15ab4 elementor-widget elementor-widget-text-editor\" data-id=\"7e15ab4\" data-element_type=\"widget\" data-widget_type=\"text-editor.default\">\n\t\t\t\t<div class=\"elementor-widget-container\">\n\t\t\t\t\t\t\t<p>Il n\u2019y a pas de garantie que vous ne perdrez pas votre capital. Toutefois, les performances de risques (drawdown) et l\u2019historique de r\u00e9sultats de notre logiciel Evolution sont tr\u00e8s stables.<\/p>\n<p>En cons\u00e9quence, les indicateurs de risque et les ant\u00e9c\u00e9dents du logiciel Evolution sont remarquables.<\/p>\n<p>Une fois ce montant atteint, aucune nouvelle transaction ne sera engag\u00e9e sur votre compte. Darwinex g\u00e8re ind\u00e9pendamment le risque de vos investissements pour vous offrir une VaR cible mensuelle maximale (95 %) de 6,5 %.<\/p>\n<p>De plus, notre logiciel remplit totalement les crit\u00e8res de gestion du risque de notre partenaire Darwinex.<\/p>\n\t\t\t\t\t\t<\/div>\n\t\t\t\t<\/div>\n\t\t\t\t<div class=\"elementor-element elementor-element-86f0883 elementor-widget elementor-widget-heading\" data-id=\"86f0883\" data-element_type=\"widget\" data-widget_type=\"heading.default\">\n\t\t\t\t<div class=\"elementor-widget-container\">\n\t\t\t<h2 class=\"elementor-heading-title elementor-size-default\">Quel niveau d\u2019investissement est il demand\u00e9 ?<\/h2>\t\t<\/div>\n\t\t\t\t<\/div>\n\t\t\t\t<div class=\"elementor-element elementor-element-79336e8 elementor-widget elementor-widget-text-editor\" data-id=\"79336e8\" data-element_type=\"widget\" data-widget_type=\"text-editor.default\">\n\t\t\t\t<div class=\"elementor-widget-container\">\n\t\t\t\t\t\t\t<p>Un capital initial minimum de \u20ac30k est n\u00e9cessaire. La plupart de nos clients augmentent ensuite progressivement leur investissement.<\/p>\n\t\t\t\t\t\t<\/div>\n\t\t\t\t<\/div>\n\t\t\t\t<div class=\"elementor-element elementor-element-b6daa8c elementor-widget elementor-widget-heading\" data-id=\"b6daa8c\" data-element_type=\"widget\" data-widget_type=\"heading.default\">\n\t\t\t\t<div class=\"elementor-widget-container\">\n\t\t\t<h2 class=\"elementor-heading-title elementor-size-default\">Puis je retirer mes fonds \u00e0 tout moment ?<\/h2>\t\t<\/div>\n\t\t\t\t<\/div>\n\t\t\t\t<div class=\"elementor-element elementor-element-017da8b elementor-widget elementor-widget-text-editor\" data-id=\"017da8b\" data-element_type=\"widget\" data-widget_type=\"text-editor.default\">\n\t\t\t\t<div class=\"elementor-widget-container\">\n\t\t\t\t\t\t\t<p>Oui. Vous pouvez retirer votre investissement \u00e0 tout moment et instantan\u00e9ment sur votre compte Darwinex.<\/p>\n\t\t\t\t\t\t<\/div>\n\t\t\t\t<\/div>\n\t\t\t\t<div class=\"elementor-element elementor-element-577f0ad elementor-widget elementor-widget-heading\" data-id=\"577f0ad\" data-element_type=\"widget\" data-widget_type=\"heading.default\">\n\t\t\t\t<div class=\"elementor-widget-container\">\n\t\t\t<h2 class=\"elementor-heading-title elementor-size-default\">Mon compte est il prot\u00e9g\u00e9 ?<\/h2>\t\t<\/div>\n\t\t\t\t<\/div>\n\t\t\t\t<div class=\"elementor-element elementor-element-aca6365 elementor-widget elementor-widget-text-editor\" data-id=\"aca6365\" data-element_type=\"widget\" data-widget_type=\"text-editor.default\">\n\t\t\t\t<div class=\"elementor-widget-container\">\n\t\t\t\t\t\t\tOui, vous \u00eates le seul \u00e0 pouvoir acc\u00e9der \u00e0 votre compte et \u00e0 effectuer des versements ou retraits de fonds.\n\nNi Fitecbot ni notre partenaire Darwinex ne peuvent op\u00e9rer des financements ou des retraits de votre compte. De plus, votre compte est assur\u00e9 contre tout d\u00e9faut de la part de Darwinex, jusqu\u2019\u00e0 un montant de 1 million de livres sterling par compte.\n\nVous pouvez lire les conditions d\u2019utilisation, r\u00e9gulation, licences et assurances de Darwinex sur le site de Darwinex <a style=\"color: #0077b6;\" href=\"https:\/\/www.darwinex.com\/\" target=\"_blank\" rel=\"noopener\">www.darwinex.com <\/a>\t\t\t\t\t\t<\/div>\n\t\t\t\t<\/div>\n\t\t\t\t<div class=\"elementor-element elementor-element-b3cb1a3 elementor-widget elementor-widget-heading\" data-id=\"b3cb1a3\" data-element_type=\"widget\" data-widget_type=\"heading.default\">\n\t\t\t\t<div class=\"elementor-widget-container\">\n\t\t\t<h2 class=\"elementor-heading-title elementor-size-default\">Qui est Darwinex ?<\/h2>\t\t<\/div>\n\t\t\t\t<\/div>\n\t\t\t\t<div class=\"elementor-element elementor-element-230617c elementor-widget elementor-widget-text-editor\" data-id=\"230617c\" data-element_type=\"widget\" data-widget_type=\"text-editor.default\">\n\t\t\t\t<div class=\"elementor-widget-container\">\n\t\t\t\t\t\t\tDarwinex est un courtier en ligne bas\u00e9 \u00e0 Londres, sp\u00e9cialis\u00e9 dans les transactions financi\u00e8res sur les march\u00e9s actions, futures, FX &amp; CFDs. Darwinex permet d\u2019op\u00e9rer des transactions dans un environnement s\u00e9curis\u00e9, de suivre les r\u00e9sultats de votre compte au travers des indicateurs de performance en temps r\u00e9el. Enfin, Darwinex impose \u00e0 tous ses investisseurs des crit\u00e8res de gestion du risque \u00e0 respecter. Voir <a style=\"color: #0077b6;\" href=\"https:\/\/www.darwinex.com\/\" target=\"_blank\" rel=\"noopener\">www.darwinex.com <\/a>\t\t\t\t\t\t<\/div>\n\t\t\t\t<\/div>\n\t\t\t\t<div class=\"elementor-element elementor-element-29efb07 elementor-widget elementor-widget-heading\" data-id=\"29efb07\" data-element_type=\"widget\" data-widget_type=\"heading.default\">\n\t\t\t\t<div class=\"elementor-widget-container\">\n\t\t\t<h2 class=\"elementor-heading-title elementor-size-default\">O\u00f9 va mon investissement ?<\/h2>\t\t<\/div>\n\t\t\t\t<\/div>\n\t\t\t\t<div class=\"elementor-element elementor-element-5c1a460 elementor-widget elementor-widget-text-editor\" data-id=\"5c1a460\" data-element_type=\"widget\" data-widget_type=\"text-editor.default\">\n\t\t\t\t<div class=\"elementor-widget-container\">\n\t\t\t\t\t\t\t<p>Une fois votre compte Darwinex cr\u00e9\u00e9, vous transf\u00e9rer votre capital sur le compte bancaire Darwinex de votre choix, parmi les banques partenaires au Royaume Uni.<\/p>\n<p>Important, depuis l\u2019ouverture jusqu\u2019\u00e0 la fermeture de votre compte Darwinex, vous resterez le seul \u00e0 avoir acc\u00e8s \u00e0 votre compte.<\/p>\n\t\t\t\t\t\t<\/div>\n\t\t\t\t<\/div>\n\t\t\t\t<div class=\"elementor-element elementor-element-5cbdf07 elementor-widget elementor-widget-heading\" data-id=\"5cbdf07\" data-element_type=\"widget\" data-widget_type=\"heading.default\">\n\t\t\t\t<div class=\"elementor-widget-container\">\n\t\t\t<h2 class=\"elementor-heading-title elementor-size-default\">Quels rendements esp\u00e9rer ?<\/h2>\t\t<\/div>\n\t\t\t\t<\/div>\n\t\t\t\t<div class=\"elementor-element elementor-element-143a9a4 elementor-widget elementor-widget-text-editor\" data-id=\"143a9a4\" data-element_type=\"widget\" data-widget_type=\"text-editor.default\">\n\t\t\t\t<div class=\"elementor-widget-container\">\n\t\t\t\t\t\t\t<p>Nous ne pouvons pas pr\u00e9voir le rendement de votre investissement. Cependant, notre meilleur indice reste l\u2019historique du Darwin \u00ab TEC \u00bb de Fitecbot. Il est important de noter que les performances pass\u00e9es ne sont jamais une garantie des performances futures.<\/p>\n\t\t\t\t\t\t<\/div>\n\t\t\t\t<\/div>\n\t\t\t\t<div class=\"elementor-element elementor-element-d4cba17 elementor-widget elementor-widget-heading\" data-id=\"d4cba17\" data-element_type=\"widget\" data-widget_type=\"heading.default\">\n\t\t\t\t<div class=\"elementor-widget-container\">\n\t\t\t<h2 class=\"elementor-heading-title elementor-size-default\">Est-il possible d\u2019ouvrir un compte Corporate ?<\/h2>\t\t<\/div>\n\t\t\t\t<\/div>\n\t\t\t\t<div class=\"elementor-element elementor-element-6cab8f8 elementor-widget elementor-widget-text-editor\" data-id=\"6cab8f8\" data-element_type=\"widget\" data-widget_type=\"text-editor.default\">\n\t\t\t\t<div class=\"elementor-widget-container\">\n\t\t\t\t\t\t\t<p>Oui, vous pouvez ouvrir un compte priv\u00e9 ou un compte entreprise.La simplicit\u00e9 et la flexibilit\u00e9 du processus d\u2019investissement et de retrait de capital permet aux particuliers tout comme aux entreprises d\u2019optimiser la gestion de leur capital et tr\u00e9sorerie.<\/p>\n\t\t\t\t\t\t<\/div>\n\t\t\t\t<\/div>\n\t\t\t\t<div class=\"elementor-element elementor-element-68ae53f elementor-widget elementor-widget-heading\" data-id=\"68ae53f\" data-element_type=\"widget\" data-widget_type=\"heading.default\">\n\t\t\t\t<div class=\"elementor-widget-container\">\n\t\t\t<h2 class=\"elementor-heading-title elementor-size-default\">Devrai-je payer des imp\u00f4ts sur les plus-values g\u00e9n\u00e9r\u00e9es ?<\/h2>\t\t<\/div>\n\t\t\t\t<\/div>\n\t\t\t\t<div class=\"elementor-element elementor-element-a36b932 elementor-widget elementor-widget-text-editor\" data-id=\"a36b932\" data-element_type=\"widget\" data-widget_type=\"text-editor.default\">\n\t\t\t\t<div class=\"elementor-widget-container\">\n\t\t\t\t\t\t\t<p>Oui. Nous vous recommandons de v\u00e9rifier la l\u00e9gislation sur les plus-values financi\u00e8res applicable dans votre pays de r\u00e9sidence. Notre partenaire Darwinex vous fournira vos extraits de compte mensuels et annuels, refl\u00e9tant la performance de votre compte et vous permettant de r\u00e9pondre aux exigences de fiscalit\u00e9 locale.<\/p>\n\t\t\t\t\t\t<\/div>\n\t\t\t\t<\/div>\n\t\t\t\t\t<\/div>\n\t\t<\/div>\n\t\t\t\t\t\t\t<\/div>\n\t\t<\/section>\n\t\t\t\t<section class=\"elementor-section elementor-top-section elementor-element elementor-element-6b82597 elementor-section-full_width elementor-section-height-default elementor-section-height-default\" data-id=\"6b82597\" data-element_type=\"section\" data-settings=\"{&quot;background_background&quot;:&quot;classic&quot;}\">\n\t\t\t\t\t\t<div class=\"elementor-container elementor-column-gap-default\">\n\t\t\t\t\t<div class=\"elementor-column elementor-col-100 elementor-top-column elementor-element elementor-element-6fcca36\" data-id=\"6fcca36\" data-element_type=\"column\">\n\t\t\t<div class=\"elementor-widget-wrap\">\n\t\t\t\t\t\t\t\t\t<\/div>\n\t\t<\/div>\n\t\t\t\t\t\t\t<\/div>\n\t\t<\/section>\n\t\t\t\t<section class=\"elementor-section elementor-top-section elementor-element elementor-element-66f0db2 elementor-section-boxed elementor-section-height-default elementor-section-height-default\" data-id=\"66f0db2\" data-element_type=\"section\" data-settings=\"{&quot;background_background&quot;:&quot;classic&quot;}\">\n\t\t\t\t\t\t<div class=\"elementor-container elementor-column-gap-default\">\n\t\t\t\t\t<div class=\"elementor-column elementor-col-100 elementor-top-column elementor-element elementor-element-4b54c9a\" data-id=\"4b54c9a\" data-element_type=\"column\">\n\t\t\t<div class=\"elementor-widget-wrap elementor-element-populated\">\n\t\t\t\t\t\t\t\t<div class=\"elementor-element elementor-element-9d39876 elementor-widget elementor-widget-heading\" data-id=\"9d39876\" data-element_type=\"widget\" data-widget_type=\"heading.default\">\n\t\t\t\t<div class=\"elementor-widget-container\">\n\t\t\t<h2 class=\"elementor-heading-title elementor-size-default\">Le bien-faire vaut mieux<br>\nque le bien-dire<\/h2>\t\t<\/div>\n\t\t\t\t<\/div>\n\t\t\t\t<div class=\"elementor-element elementor-element-8d44f4b elementor-widget elementor-widget-text-editor\" data-id=\"8d44f4b\" data-element_type=\"widget\" data-widget_type=\"text-editor.default\">\n\t\t\t\t<div class=\"elementor-widget-container\">\n\t\t\t\t\t\t\t<p>L&rsquo;\u00e9quipe de Fitecbot est \u00e0 votre disposition pour vous assister dans l&rsquo;ouverture de votre compte et pour r\u00e9pondre \u00e0 toute question relative aux services Fitecbot.<\/p>\n\t\t\t\t\t\t<\/div>\n\t\t\t\t<\/div>\n\t\t\t\t<div class=\"elementor-element elementor-element-c98e45b elementor-align-center elementor-mobile-align-justify elementor-widget elementor-widget-button\" data-id=\"c98e45b\" data-element_type=\"widget\" data-widget_type=\"button.default\">\n\t\t\t\t<div class=\"elementor-widget-container\">\n\t\t\t\t\t<div class=\"elementor-button-wrapper\">\n\t\t\t<a class=\"elementor-button elementor-button-link elementor-size-sm\" href=\"https:\/\/fitecbot.com\/fr\/contactez-nous\/\">\n\t\t\t\t\t\t<span class=\"elementor-button-content-wrapper\">\n\t\t\t\t\t\t<span class=\"elementor-button-text\">Contactez-nous<\/span>\n\t\t<\/span>\n\t\t\t\t\t<\/a>\n\t\t<\/div>\n\t\t\t\t<\/div>\n\t\t\t\t<\/div>\n\t\t\t\t\t<\/div>\n\t\t<\/div>\n\t\t\t\t\t\t\t<\/div>\n\t\t<\/section>\n\t\t\t\t\t\t\t<\/div>\n\t\t","protected":false},"excerpt":{"rendered":"<p>Questions Fr\u00e9quentes Qu\u2019est ce qui rend Fitecbot unique ? Nous [&hellip;]<\/p>\n","protected":false},"author":2,"featured_media":0,"parent":0,"menu_order":0,"comment_status":"closed","ping_status":"closed","template":"elementor_header_footer","meta":{"footnotes":""},"_links":{"self":[{"href":"https:\/\/fitecbot.com\/fr\/wp-json\/wp\/v2\/pages\/1793"}],"collection":[{"href":"https:\/\/fitecbot.com\/fr\/wp-json\/wp\/v2\/pages"}],"about":[{"href":"https:\/\/fitecbot.com\/fr\/wp-json\/wp\/v2\/types\/page"}],"author":[{"embeddable":true,"href":"https:\/\/fitecbot.com\/fr\/wp-json\/wp\/v2\/users\/2"}],"replies":[{"embeddable":true,"href":"https:\/\/fitecbot.com\/fr\/wp-json\/wp\/v2\/comments?post=1793"}],"version-history":[{"count":21,"href":"https:\/\/fitecbot.com\/fr\/wp-json\/wp\/v2\/pages\/1793\/revisions"}],"predecessor-version":[{"id":3956,"href":"https:\/\/fitecbot.com\/fr\/wp-json\/wp\/v2\/pages\/1793\/revisions\/3956"}],"wp:attachment":[{"href":"https:\/\/fitecbot.com\/fr\/wp-json\/wp\/v2\/media?parent=1793"}],"curies":[{"name":"wp","href":"https:\/\/api.w.org\/{rel}","templated":true}]}}