{"id":1788,"date":"2021-12-28T11:39:08","date_gmt":"2021-12-28T11:39:08","guid":{"rendered":"https:\/\/fitecbot.com\/notre-partenaire-darwinex\/"},"modified":"2023-03-06T10:18:17","modified_gmt":"2023-03-06T10:18:17","slug":"notre-partenaire-darwinex","status":"publish","type":"page","link":"https:\/\/fitecbot.com\/fr\/notre-partenaire-darwinex\/","title":{"rendered":"Notre Partenaire"},"content":{"rendered":"\t\t<div data-elementor-type=\"wp-page\" data-elementor-id=\"1788\" class=\"elementor elementor-1788 elementor-1119\">\n\t\t\t\t\t\t\t\t\t<section class=\"elementor-section elementor-top-section elementor-element elementor-element-a8b39e6 elementor-section-full_width elementor-section-height-default elementor-section-height-default\" data-id=\"a8b39e6\" data-element_type=\"section\" data-settings=\"{&quot;background_background&quot;:&quot;classic&quot;}\">\n\t\t\t\t\t\t<div class=\"elementor-container elementor-column-gap-default\">\n\t\t\t\t\t<div class=\"elementor-column elementor-col-100 elementor-top-column elementor-element elementor-element-c8f5634\" data-id=\"c8f5634\" data-element_type=\"column\">\n\t\t\t<div class=\"elementor-widget-wrap elementor-element-populated\">\n\t\t\t\t\t\t\t\t<div class=\"elementor-element elementor-element-f87e893 elementor-absolute elementor-widget elementor-widget-heading\" data-id=\"f87e893\" data-element_type=\"widget\" data-settings=\"{&quot;_position&quot;:&quot;absolute&quot;}\" data-widget_type=\"heading.default\">\n\t\t\t\t<div class=\"elementor-widget-container\">\n\t\t\t<style>\/*! elementor - v3.14.0 - 18-06-2023 *\/\n.elementor-heading-title{padding:0;margin:0;line-height:1}.elementor-widget-heading .elementor-heading-title[class*=elementor-size-]>a{color:inherit;font-size:inherit;line-height:inherit}.elementor-widget-heading .elementor-heading-title.elementor-size-small{font-size:15px}.elementor-widget-heading .elementor-heading-title.elementor-size-medium{font-size:19px}.elementor-widget-heading .elementor-heading-title.elementor-size-large{font-size:29px}.elementor-widget-heading .elementor-heading-title.elementor-size-xl{font-size:39px}.elementor-widget-heading .elementor-heading-title.elementor-size-xxl{font-size:59px}<\/style><h2 class=\"elementor-heading-title elementor-size-default\">Notre Partenaire<\/h2>\t\t<\/div>\n\t\t\t\t<\/div>\n\t\t\t\t\t<\/div>\n\t\t<\/div>\n\t\t\t\t\t\t\t<\/div>\n\t\t<\/section>\n\t\t\t\t<section class=\"elementor-section elementor-top-section elementor-element elementor-element-a21a70f elementor-section-full_width elementor-section-height-default elementor-section-height-default\" data-id=\"a21a70f\" data-element_type=\"section\" data-settings=\"{&quot;background_background&quot;:&quot;classic&quot;}\">\n\t\t\t\t\t\t<div class=\"elementor-container elementor-column-gap-default\">\n\t\t\t\t\t<div class=\"elementor-column elementor-col-50 elementor-top-column elementor-element elementor-element-91b72b6\" data-id=\"91b72b6\" data-element_type=\"column\">\n\t\t\t<div class=\"elementor-widget-wrap elementor-element-populated\">\n\t\t\t\t\t\t\t\t<div class=\"elementor-element elementor-element-8299156 elementor-widget elementor-widget-image\" data-id=\"8299156\" data-element_type=\"widget\" data-widget_type=\"image.default\">\n\t\t\t\t<div class=\"elementor-widget-container\">\n\t\t\t<style>\/*! elementor - v3.14.0 - 18-06-2023 *\/\n.elementor-widget-image{text-align:center}.elementor-widget-image a{display:inline-block}.elementor-widget-image a img[src$=\".svg\"]{width:48px}.elementor-widget-image img{vertical-align:middle;display:inline-block}<\/style>\t\t\t\t\t\t\t\t\t\t\t\t<img decoding=\"async\" width=\"336\" height=\"67\" src=\"https:\/\/fitecbot.com\/wp-content\/uploads\/2021\/12\/darwinex-logo.png\" class=\"attachment-large size-large wp-image-1029\" alt=\"\" srcset=\"https:\/\/fitecbot.com\/wp-content\/uploads\/2021\/12\/darwinex-logo-200x40.png 200w, https:\/\/fitecbot.com\/wp-content\/uploads\/2021\/12\/darwinex-logo-300x60.png 300w, https:\/\/fitecbot.com\/wp-content\/uploads\/2021\/12\/darwinex-logo.png 336w\" sizes=\"(max-width: 336px) 100vw, 336px\" \/>\t\t\t\t\t\t\t\t\t\t\t\t\t\t\t<\/div>\n\t\t\t\t<\/div>\n\t\t\t\t<div class=\"elementor-element elementor-element-a989f57 elementor-widget elementor-widget-heading\" data-id=\"a989f57\" data-element_type=\"widget\" data-widget_type=\"heading.default\">\n\t\t\t\t<div class=\"elementor-widget-container\">\n\t\t\t<h2 class=\"elementor-heading-title elementor-size-default\">Notre Partenaire<br>\nDarwinex<\/h2>\t\t<\/div>\n\t\t\t\t<\/div>\n\t\t\t\t<div class=\"elementor-element elementor-element-e318339 elementor-widget elementor-widget-text-editor\" data-id=\"e318339\" data-element_type=\"widget\" data-widget_type=\"text-editor.default\">\n\t\t\t\t<div class=\"elementor-widget-container\">\n\t\t\t<style>\/*! elementor - v3.14.0 - 18-06-2023 *\/\n.elementor-widget-text-editor.elementor-drop-cap-view-stacked .elementor-drop-cap{background-color:#69727d;color:#fff}.elementor-widget-text-editor.elementor-drop-cap-view-framed .elementor-drop-cap{color:#69727d;border:3px solid;background-color:transparent}.elementor-widget-text-editor:not(.elementor-drop-cap-view-default) .elementor-drop-cap{margin-top:8px}.elementor-widget-text-editor:not(.elementor-drop-cap-view-default) .elementor-drop-cap-letter{width:1em;height:1em}.elementor-widget-text-editor .elementor-drop-cap{float:left;text-align:center;line-height:1;font-size:50px}.elementor-widget-text-editor .elementor-drop-cap-letter{display:inline-block}<\/style>\t\t\t\t<p>Nous avons choisi Darwinex comme partenaire car Darwinex offre de hauts standards de s\u00e9curit\u00e9, une assurance pour votre capital investi et des indicateurs de performance en temps r\u00e9el.<\/p><p style=\"font-size: 25px;\"><strong>Compliance<\/strong><\/p><p>Darwinex dispose de la licence FCA (Financial Conduct Authority) en Grande-Bretagne, en tant que courtier et g\u00e9rant de fonds.<\/p><p style=\"font-size: 25px;\"><strong>Assurance de capital<\/strong><\/p><p>Chaque compte est assur\u00e9 \u00e0 hauteur de GBP1m, en cas de d\u00e9faut de Darwinex. (Cependant, cette assurance ne couvre pas vos \u00e9ventuelles pertes d\u2019investissement).<\/p><p style=\"font-size: 25px;\"><strong>Control des risques sp\u00e9culatifs<\/strong><\/p><p>Darwinex impose \u00e0 chaque Darwin de respecter un objectif mensuel Var de 6.5%. Vous devez \u00e9galement d\u00e9finir le montant maximum de l\u2019investissement que vous \u00eates pr\u00eat \u00e0 engager. Darwinex g\u00e8re ind\u00e9pendamment le risque de vos investissements pour vous offrir une VaR cible mensuelle maximale (95 %) de 6,5 %.<\/p><p style=\"font-size: 25px;\"><strong>Syst\u00e8me op\u00e9rationnel<\/strong><\/p><p>Les indicateurs de performance Darwinex vous permettent de suivre votre compte en direct \u00e0 tout moment. Vous disposez \u00e9galement de tutoriels d\u00e9taill\u00e9s sur les diff\u00e9rents m\u00e9canismes d\u2019investissements.<\/p><p>Fitecbot n\u2019est pas une entreprise r\u00e9gul\u00e9e sur les march\u00e9s financiers et ne fournit en aucun cas des conseils en investissements, ni ne g\u00e8re de capital pour les tiers. Fitecbot vend ses signaux de trading \u00e0 Darwinex, qui les transforme en un actif financier synth\u00e9tique, auquel les investisseurs peuvent souscrire et qui reproduit les ordres du logiciel Evolution.<\/p>\t\t\t\t\t\t<\/div>\n\t\t\t\t<\/div>\n\t\t\t\t<div class=\"elementor-element elementor-element-6568445 elementor-mobile-align-justify elementor-widget elementor-widget-button\" data-id=\"6568445\" data-element_type=\"widget\" data-widget_type=\"button.default\">\n\t\t\t\t<div class=\"elementor-widget-container\">\n\t\t\t\t\t<div class=\"elementor-button-wrapper\">\n\t\t\t<a class=\"elementor-button elementor-button-link elementor-size-sm\" href=\"https:\/\/www.darwinex.com\/portfolio\/chart\" target=\"_blank\">\n\t\t\t\t\t\t<span class=\"elementor-button-content-wrapper\">\n\t\t\t\t\t\t<span class=\"elementor-button-text\">En savoir plus<\/span>\n\t\t<\/span>\n\t\t\t\t\t<\/a>\n\t\t<\/div>\n\t\t\t\t<\/div>\n\t\t\t\t<\/div>\n\t\t\t\t\t<\/div>\n\t\t<\/div>\n\t\t\t\t<div class=\"elementor-column elementor-col-50 elementor-top-column elementor-element elementor-element-e901ddd\" data-id=\"e901ddd\" data-element_type=\"column\">\n\t\t\t<div class=\"elementor-widget-wrap\">\n\t\t\t\t\t\t\t\t\t<\/div>\n\t\t<\/div>\n\t\t\t\t\t\t\t<\/div>\n\t\t<\/section>\n\t\t\t\t<section class=\"elementor-section elementor-top-section elementor-element elementor-element-7254584 elementor-section-boxed elementor-section-height-default elementor-section-height-default\" data-id=\"7254584\" data-element_type=\"section\" data-settings=\"{&quot;background_background&quot;:&quot;classic&quot;}\">\n\t\t\t\t\t\t<div class=\"elementor-container elementor-column-gap-default\">\n\t\t\t\t\t<div class=\"elementor-column elementor-col-100 elementor-top-column elementor-element elementor-element-009b14e\" data-id=\"009b14e\" data-element_type=\"column\">\n\t\t\t<div class=\"elementor-widget-wrap elementor-element-populated\">\n\t\t\t\t\t\t\t\t<div class=\"elementor-element elementor-element-347397e elementor-widget elementor-widget-heading\" data-id=\"347397e\" data-element_type=\"widget\" data-widget_type=\"heading.default\">\n\t\t\t\t<div class=\"elementor-widget-container\">\n\t\t\t<h2 class=\"elementor-heading-title elementor-size-default\">Le bien-faire vaut mieux<br>\nque le bien-dire<\/h2>\t\t<\/div>\n\t\t\t\t<\/div>\n\t\t\t\t<div class=\"elementor-element elementor-element-f213e7d elementor-widget elementor-widget-text-editor\" data-id=\"f213e7d\" data-element_type=\"widget\" data-widget_type=\"text-editor.default\">\n\t\t\t\t<div class=\"elementor-widget-container\">\n\t\t\t\t\t\t\t<p>L&rsquo;\u00e9quipe de Fitecbot est \u00e0 votre disposition pour vous assister dans l&rsquo;ouverture de votre compte et pour r\u00e9pondre \u00e0 toute question relative aux services Fitecbot.<\/p>\n\t\t\t\t\t\t<\/div>\n\t\t\t\t<\/div>\n\t\t\t\t<div class=\"elementor-element elementor-element-76f8276 elementor-align-center elementor-mobile-align-justify elementor-widget elementor-widget-button\" data-id=\"76f8276\" data-element_type=\"widget\" data-widget_type=\"button.default\">\n\t\t\t\t<div class=\"elementor-widget-container\">\n\t\t\t\t\t<div class=\"elementor-button-wrapper\">\n\t\t\t<a class=\"elementor-button elementor-button-link elementor-size-sm\" href=\"https:\/\/fitecbot.com\/fr\/contactez-nous\/\">\n\t\t\t\t\t\t<span class=\"elementor-button-content-wrapper\">\n\t\t\t\t\t\t<span class=\"elementor-button-text\">Contactez-nous<\/span>\n\t\t<\/span>\n\t\t\t\t\t<\/a>\n\t\t<\/div>\n\t\t\t\t<\/div>\n\t\t\t\t<\/div>\n\t\t\t\t\t<\/div>\n\t\t<\/div>\n\t\t\t\t\t\t\t<\/div>\n\t\t<\/section>\n\t\t\t\t\t\t\t<\/div>\n\t\t","protected":false},"excerpt":{"rendered":"<p>Notre Partenaire Notre Partenaire Darwinex Nous avons choisi Darwinex comme [&hellip;]<\/p>\n","protected":false},"author":2,"featured_media":0,"parent":0,"menu_order":0,"comment_status":"closed","ping_status":"closed","template":"elementor_header_footer","meta":{"footnotes":""},"_links":{"self":[{"href":"https:\/\/fitecbot.com\/fr\/wp-json\/wp\/v2\/pages\/1788"}],"collection":[{"href":"https:\/\/fitecbot.com\/fr\/wp-json\/wp\/v2\/pages"}],"about":[{"href":"https:\/\/fitecbot.com\/fr\/wp-json\/wp\/v2\/types\/page"}],"author":[{"embeddable":true,"href":"https:\/\/fitecbot.com\/fr\/wp-json\/wp\/v2\/users\/2"}],"replies":[{"embeddable":true,"href":"https:\/\/fitecbot.com\/fr\/wp-json\/wp\/v2\/comments?post=1788"}],"version-history":[{"count":31,"href":"https:\/\/fitecbot.com\/fr\/wp-json\/wp\/v2\/pages\/1788\/revisions"}],"predecessor-version":[{"id":3950,"href":"https:\/\/fitecbot.com\/fr\/wp-json\/wp\/v2\/pages\/1788\/revisions\/3950"}],"wp:attachment":[{"href":"https:\/\/fitecbot.com\/fr\/wp-json\/wp\/v2\/media?parent=1788"}],"curies":[{"name":"wp","href":"https:\/\/api.w.org\/{rel}","templated":true}]}}