{"id":1826,"date":"2021-12-28T12:50:52","date_gmt":"2021-12-28T12:50:52","guid":{"rendered":"https:\/\/fitecbot.com\/preguntas-frecuentes\/"},"modified":"2023-03-06T10:20:54","modified_gmt":"2023-03-06T10:20:54","slug":"preguntas-frecuentes","status":"publish","type":"page","link":"https:\/\/fitecbot.com\/es\/preguntas-frecuentes\/","title":{"rendered":"Preguntas Frecuentes"},"content":{"rendered":"\t\t<div data-elementor-type=\"wp-page\" data-elementor-id=\"1826\" class=\"elementor elementor-1826 elementor-1133\">\n\t\t\t\t\t\t\t\t\t<section class=\"elementor-section elementor-top-section elementor-element elementor-element-44d0473 elementor-section-full_width elementor-section-height-default elementor-section-height-default\" data-id=\"44d0473\" data-element_type=\"section\" data-settings=\"{&quot;background_background&quot;:&quot;classic&quot;}\">\n\t\t\t\t\t\t<div class=\"elementor-container elementor-column-gap-default\">\n\t\t\t\t\t<div class=\"elementor-column elementor-col-100 elementor-top-column elementor-element elementor-element-64f2a71\" data-id=\"64f2a71\" data-element_type=\"column\">\n\t\t\t<div class=\"elementor-widget-wrap elementor-element-populated\">\n\t\t\t\t\t\t\t\t<div class=\"elementor-element elementor-element-cd0a2dd elementor-absolute elementor-widget elementor-widget-heading\" data-id=\"cd0a2dd\" data-element_type=\"widget\" data-settings=\"{&quot;_position&quot;:&quot;absolute&quot;}\" data-widget_type=\"heading.default\">\n\t\t\t\t<div class=\"elementor-widget-container\">\n\t\t\t<style>\/*! elementor - v3.14.0 - 18-06-2023 *\/\n.elementor-heading-title{padding:0;margin:0;line-height:1}.elementor-widget-heading .elementor-heading-title[class*=elementor-size-]>a{color:inherit;font-size:inherit;line-height:inherit}.elementor-widget-heading .elementor-heading-title.elementor-size-small{font-size:15px}.elementor-widget-heading .elementor-heading-title.elementor-size-medium{font-size:19px}.elementor-widget-heading .elementor-heading-title.elementor-size-large{font-size:29px}.elementor-widget-heading .elementor-heading-title.elementor-size-xl{font-size:39px}.elementor-widget-heading .elementor-heading-title.elementor-size-xxl{font-size:59px}<\/style><h2 class=\"elementor-heading-title elementor-size-default\">Preguntas Frecuentes<\/h2>\t\t<\/div>\n\t\t\t\t<\/div>\n\t\t\t\t\t<\/div>\n\t\t<\/div>\n\t\t\t\t\t\t\t<\/div>\n\t\t<\/section>\n\t\t\t\t<section class=\"elementor-section elementor-top-section elementor-element elementor-element-6b1e41d elementor-section-boxed elementor-section-height-default elementor-section-height-default\" data-id=\"6b1e41d\" data-element_type=\"section\" data-settings=\"{&quot;background_background&quot;:&quot;classic&quot;}\">\n\t\t\t\t\t\t<div class=\"elementor-container elementor-column-gap-default\">\n\t\t\t\t\t<div class=\"elementor-column elementor-col-100 elementor-top-column elementor-element elementor-element-4cba826\" data-id=\"4cba826\" data-element_type=\"column\">\n\t\t\t<div class=\"elementor-widget-wrap elementor-element-populated\">\n\t\t\t\t\t\t\t\t<div class=\"elementor-element elementor-element-6928ea8 elementor-widget elementor-widget-heading\" data-id=\"6928ea8\" data-element_type=\"widget\" data-widget_type=\"heading.default\">\n\t\t\t\t<div class=\"elementor-widget-container\">\n\t\t\t<h2 class=\"elementor-heading-title elementor-size-default\">\u00bfQu\u00e9 hace que Fitecbot sea \u00fanico? <\/h2>\t\t<\/div>\n\t\t\t\t<\/div>\n\t\t\t\t<div class=\"elementor-element elementor-element-8b45082 elementor-widget elementor-widget-text-editor\" data-id=\"8b45082\" data-element_type=\"widget\" data-widget_type=\"text-editor.default\">\n\t\t\t\t<div class=\"elementor-widget-container\">\n\t\t\t<style>\/*! elementor - v3.14.0 - 18-06-2023 *\/\n.elementor-widget-text-editor.elementor-drop-cap-view-stacked .elementor-drop-cap{background-color:#69727d;color:#fff}.elementor-widget-text-editor.elementor-drop-cap-view-framed .elementor-drop-cap{color:#69727d;border:3px solid;background-color:transparent}.elementor-widget-text-editor:not(.elementor-drop-cap-view-default) .elementor-drop-cap{margin-top:8px}.elementor-widget-text-editor:not(.elementor-drop-cap-view-default) .elementor-drop-cap-letter{width:1em;height:1em}.elementor-widget-text-editor .elementor-drop-cap{float:left;text-align:center;line-height:1;font-size:50px}.elementor-widget-text-editor .elementor-drop-cap-letter{display:inline-block}<\/style>\t\t\t\t<p>Creamos Fitecbot para hacer crecer tu capital gracias a nuestros algoritmos exclusivos.<\/p>\n<p>Nuestro software \u00abEvolution\u00bb muestra un historial de rendimiento muy atractivo en comparaci\u00f3n con otro software. Sin embargo, nuestra especificidad se caracteriza por nuestra gesti\u00f3n de riesgos, nuestra flexibilidad y nuestra comunicaci\u00f3n directa con todos nuestros clientes.<\/p>\n\t\t\t\t\t\t<\/div>\n\t\t\t\t<\/div>\n\t\t\t\t<div class=\"elementor-element elementor-element-1897423 elementor-widget elementor-widget-heading\" data-id=\"1897423\" data-element_type=\"widget\" data-widget_type=\"heading.default\">\n\t\t\t\t<div class=\"elementor-widget-container\">\n\t\t\t<h2 class=\"elementor-heading-title elementor-size-default\">\u00bfC\u00f3mo Fitecbot puede garantizar que no perder\u00e9 mi inversi\u00f3n? <\/h2>\t\t<\/div>\n\t\t\t\t<\/div>\n\t\t\t\t<div class=\"elementor-element elementor-element-7e15ab4 elementor-widget elementor-widget-text-editor\" data-id=\"7e15ab4\" data-element_type=\"widget\" data-widget_type=\"text-editor.default\">\n\t\t\t\t<div class=\"elementor-widget-container\">\n\t\t\t\t\t\t\t<p>No hay garant\u00eda de que no perder\u00e1 su capital. Sin embargo, el rendimiento del riesgo (reducci\u00f3n: \u201cdrawdown\u201d) y el historial de ganancias de nuestro software Evolution son muy estables.<\/p>\n<p>Adem\u00e1s, nuestro software cumple plenamente con los criterios de gesti\u00f3n de riesgos de nuestro socio Darwinex.<\/p>\n<p>Adem\u00e1s, el software Evolution se adapta completamente a las medidas de seguridad y gesti\u00f3n de riesgos de Darwinex Darwinex gestiona de forma independiente el riesgo de sus inversiones para ofrecerle un VaR objetivo m\u00e1ximo mensual (95%) del 6,5%.<\/p>\n<p>Adem\u00e1s, los par\u00e1metros de Darwinex le permiten definir las p\u00e9rdidas m\u00e1ximas que acepta soportar.<\/p>\n\t\t\t\t\t\t<\/div>\n\t\t\t\t<\/div>\n\t\t\t\t<div class=\"elementor-element elementor-element-86f0883 elementor-widget elementor-widget-heading\" data-id=\"86f0883\" data-element_type=\"widget\" data-widget_type=\"heading.default\">\n\t\t\t\t<div class=\"elementor-widget-container\">\n\t\t\t<h2 class=\"elementor-heading-title elementor-size-default\">\u00bfQu\u00e9 nivel de inversi\u00f3n se requiere?<\/h2>\t\t<\/div>\n\t\t\t\t<\/div>\n\t\t\t\t<div class=\"elementor-element elementor-element-79336e8 elementor-widget elementor-widget-text-editor\" data-id=\"79336e8\" data-element_type=\"widget\" data-widget_type=\"text-editor.default\">\n\t\t\t\t<div class=\"elementor-widget-container\">\n\t\t\t\t\t\t\t<p>Se requiere un capital inicial m\u00ednimo de 30k \u20ac. La mayor\u00eda de nuestros clientes aumentan gradualmente su inversi\u00f3n.<\/p>\n\t\t\t\t\t\t<\/div>\n\t\t\t\t<\/div>\n\t\t\t\t<div class=\"elementor-element elementor-element-b6daa8c elementor-widget elementor-widget-heading\" data-id=\"b6daa8c\" data-element_type=\"widget\" data-widget_type=\"heading.default\">\n\t\t\t\t<div class=\"elementor-widget-container\">\n\t\t\t<h2 class=\"elementor-heading-title elementor-size-default\">\u00bfPuedo retirar mis fondos en cualquier momento?<\/h2>\t\t<\/div>\n\t\t\t\t<\/div>\n\t\t\t\t<div class=\"elementor-element elementor-element-017da8b elementor-widget elementor-widget-text-editor\" data-id=\"017da8b\" data-element_type=\"widget\" data-widget_type=\"text-editor.default\">\n\t\t\t\t<div class=\"elementor-widget-container\">\n\t\t\t\t\t\t\t<p>Si. Puede retirar su inversi\u00f3n en cualquier momento e instant\u00e1neamente desde su cuenta Darwinex.<\/p>\n\t\t\t\t\t\t<\/div>\n\t\t\t\t<\/div>\n\t\t\t\t<div class=\"elementor-element elementor-element-577f0ad elementor-widget elementor-widget-heading\" data-id=\"577f0ad\" data-element_type=\"widget\" data-widget_type=\"heading.default\">\n\t\t\t\t<div class=\"elementor-widget-container\">\n\t\t\t<h2 class=\"elementor-heading-title elementor-size-default\">\u00bfMi cuenta est\u00e1 protegida?<\/h2>\t\t<\/div>\n\t\t\t\t<\/div>\n\t\t\t\t<div class=\"elementor-element elementor-element-aca6365 elementor-widget elementor-widget-text-editor\" data-id=\"aca6365\" data-element_type=\"widget\" data-widget_type=\"text-editor.default\">\n\t\t\t\t<div class=\"elementor-widget-container\">\n\t\t\t\t\t\t\tS\u00ed, eres el \u00fanico que puede acceder a tu cuenta y realizar dep\u00f3sitos o retiros de fondos.\n\nNi Fitecbot ni nuestro socio Darwinex pueden operar fondos o retiros de su cuenta. Adem\u00e1s, su cuenta est\u00e1 asegurada contra cualquier incumplimiento por parte de Darwinex, hasta \u00a3 1 mill\u00f3n por cuenta.\n\nPuede leer los t\u00e9rminos de uso, la regulaci\u00f3n, las licencias y el seguro de Darwinex en el sitio web de Darwinex \u2013 <a style=\"color: #0077b6;\" href=\"https:\/\/www.darwinex.com\/\" target=\"_blank\" rel=\"noopener\">www.darwinex.com <\/a>\t\t\t\t\t\t<\/div>\n\t\t\t\t<\/div>\n\t\t\t\t<div class=\"elementor-element elementor-element-b3cb1a3 elementor-widget elementor-widget-heading\" data-id=\"b3cb1a3\" data-element_type=\"widget\" data-widget_type=\"heading.default\">\n\t\t\t\t<div class=\"elementor-widget-container\">\n\t\t\t<h2 class=\"elementor-heading-title elementor-size-default\">\u00bfQui\u00e9n es Darwinex?<\/h2>\t\t<\/div>\n\t\t\t\t<\/div>\n\t\t\t\t<div class=\"elementor-element elementor-element-230617c elementor-widget elementor-widget-text-editor\" data-id=\"230617c\" data-element_type=\"widget\" data-widget_type=\"text-editor.default\">\n\t\t\t\t<div class=\"elementor-widget-container\">\n\t\t\t\t\t\t\tDarwinex es un corredor en l\u00ednea con sede en Londres, que se especializa en transacciones financieras en los mercados de acciones, futuros, FX y CFD. Darwinex hace posible operar transacciones en un entorno seguro, para monitorizar los resultados de su cuenta a trav\u00e9s de indicadores de desempe\u00f1o en tiempo real. Finalmente, Darwinex impone criterios de gesti\u00f3n de riesgos a todos sus \u201cDarwin\u201d. <a style=\"color: #0077b6;\" href=\"https:\/\/www.darwinex.com\/\" target=\"_blank\" rel=\"noopener\">www.darwinex.com <\/a>\t\t\t\t\t\t<\/div>\n\t\t\t\t<\/div>\n\t\t\t\t<div class=\"elementor-element elementor-element-29efb07 elementor-widget elementor-widget-heading\" data-id=\"29efb07\" data-element_type=\"widget\" data-widget_type=\"heading.default\">\n\t\t\t\t<div class=\"elementor-widget-container\">\n\t\t\t<h2 class=\"elementor-heading-title elementor-size-default\">\u00bfA d\u00f3nde va mi inversi\u00f3n?<\/h2>\t\t<\/div>\n\t\t\t\t<\/div>\n\t\t\t\t<div class=\"elementor-element elementor-element-5c1a460 elementor-widget elementor-widget-text-editor\" data-id=\"5c1a460\" data-element_type=\"widget\" data-widget_type=\"text-editor.default\">\n\t\t\t\t<div class=\"elementor-widget-container\">\n\t\t\t\t\t\t\t<p>Una vez que se ha creado su cuenta Darwinex, transfiere su capital a la cuenta bancaria Darwinex de su elecci\u00f3n, entre los bancos asociados con Darwinex en el Reino Unido.<\/p>\n<p>Importante, desde la apertura hasta el cierre de su cuenta Darwinex, usted seguir\u00e1 siendo el \u00fanico con acceso a su cuenta.<\/p>\n\t\t\t\t\t\t<\/div>\n\t\t\t\t<\/div>\n\t\t\t\t<div class=\"elementor-element elementor-element-5cbdf07 elementor-widget elementor-widget-heading\" data-id=\"5cbdf07\" data-element_type=\"widget\" data-widget_type=\"heading.default\">\n\t\t\t\t<div class=\"elementor-widget-container\">\n\t\t\t<h2 class=\"elementor-heading-title elementor-size-default\">\u00bfQu\u00e9 rentabilidad puedo esperar?<\/h2>\t\t<\/div>\n\t\t\t\t<\/div>\n\t\t\t\t<div class=\"elementor-element elementor-element-143a9a4 elementor-widget elementor-widget-text-editor\" data-id=\"143a9a4\" data-element_type=\"widget\" data-widget_type=\"text-editor.default\">\n\t\t\t\t<div class=\"elementor-widget-container\">\n\t\t\t\t\t\t\t<p>No podemos predecir el retorno de su inversi\u00f3n. Sin embargo, nuestra mejor pista sigue siendo la historia de Darwin \u00abTEC\u00bb de Fitecbot. Es importante se\u00f1alar que el desempe\u00f1o pasado nunca es garant\u00eda de desempe\u00f1o futuro.<\/p>\n\t\t\t\t\t\t<\/div>\n\t\t\t\t<\/div>\n\t\t\t\t<div class=\"elementor-element elementor-element-d4cba17 elementor-widget elementor-widget-heading\" data-id=\"d4cba17\" data-element_type=\"widget\" data-widget_type=\"heading.default\">\n\t\t\t\t<div class=\"elementor-widget-container\">\n\t\t\t<h2 class=\"elementor-heading-title elementor-size-default\">\u00bfEs posible abrir una cuenta corporativa?<\/h2>\t\t<\/div>\n\t\t\t\t<\/div>\n\t\t\t\t<div class=\"elementor-element elementor-element-6cab8f8 elementor-widget elementor-widget-text-editor\" data-id=\"6cab8f8\" data-element_type=\"widget\" data-widget_type=\"text-editor.default\">\n\t\t\t\t<div class=\"elementor-widget-container\">\n\t\t\t\t\t\t\t<p>S\u00ed, puede abrir una cuenta privada o comercial. La simplicidad y flexibilidad del proceso de inversi\u00f3n y retiro de capital permite que tanto las personas como las empresas optimicen la gesti\u00f3n de su capital y flujo de caja.<\/p>\n\t\t\t\t\t\t<\/div>\n\t\t\t\t<\/div>\n\t\t\t\t<div class=\"elementor-element elementor-element-68ae53f elementor-widget elementor-widget-heading\" data-id=\"68ae53f\" data-element_type=\"widget\" data-widget_type=\"heading.default\">\n\t\t\t\t<div class=\"elementor-widget-container\">\n\t\t\t<h2 class=\"elementor-heading-title elementor-size-default\">\u00bfTendr\u00e9 que pagar impuestos sobre las plusval\u00edas generadas?<\/h2>\t\t<\/div>\n\t\t\t\t<\/div>\n\t\t\t\t<div class=\"elementor-element elementor-element-a36b932 elementor-widget elementor-widget-text-editor\" data-id=\"a36b932\" data-element_type=\"widget\" data-widget_type=\"text-editor.default\">\n\t\t\t\t<div class=\"elementor-widget-container\">\n\t\t\t\t\t\t\t<p>Si. Le recomendamos que consulte la legislaci\u00f3n aplicable sobre plusval\u00edas financieras en su pa\u00eds de residencia. Nuestro socio Darwinex le proporcionar\u00e1 sus estados de cuenta mensuales y anuales, reflejando el desempe\u00f1o de su cuenta y permiti\u00e9ndole cumplir con los requisitos fiscales locales. Puede utilizar estas declaraciones para fines fiscales.<\/p>\n\t\t\t\t\t\t<\/div>\n\t\t\t\t<\/div>\n\t\t\t\t\t<\/div>\n\t\t<\/div>\n\t\t\t\t\t\t\t<\/div>\n\t\t<\/section>\n\t\t\t\t<section class=\"elementor-section elementor-top-section elementor-element elementor-element-6b82597 elementor-section-full_width elementor-section-height-default elementor-section-height-default\" data-id=\"6b82597\" data-element_type=\"section\" data-settings=\"{&quot;background_background&quot;:&quot;classic&quot;}\">\n\t\t\t\t\t\t<div class=\"elementor-container elementor-column-gap-default\">\n\t\t\t\t\t<div class=\"elementor-column elementor-col-100 elementor-top-column elementor-element elementor-element-6fcca36\" data-id=\"6fcca36\" data-element_type=\"column\">\n\t\t\t<div class=\"elementor-widget-wrap\">\n\t\t\t\t\t\t\t\t\t<\/div>\n\t\t<\/div>\n\t\t\t\t\t\t\t<\/div>\n\t\t<\/section>\n\t\t\t\t<section class=\"elementor-section elementor-top-section elementor-element elementor-element-66f0db2 elementor-section-boxed elementor-section-height-default elementor-section-height-default\" data-id=\"66f0db2\" data-element_type=\"section\" data-settings=\"{&quot;background_background&quot;:&quot;classic&quot;}\">\n\t\t\t\t\t\t<div class=\"elementor-container elementor-column-gap-default\">\n\t\t\t\t\t<div class=\"elementor-column elementor-col-100 elementor-top-column elementor-element elementor-element-4b54c9a\" data-id=\"4b54c9a\" data-element_type=\"column\">\n\t\t\t<div class=\"elementor-widget-wrap elementor-element-populated\">\n\t\t\t\t\t\t\t\t<div class=\"elementor-element elementor-element-9d39876 elementor-widget elementor-widget-heading\" data-id=\"9d39876\" data-element_type=\"widget\" data-widget_type=\"heading.default\">\n\t\t\t\t<div class=\"elementor-widget-container\">\n\t\t\t<h2 class=\"elementor-heading-title elementor-size-default\">Bien hecho es mejor<br>\nque bien dicho<\/h2>\t\t<\/div>\n\t\t\t\t<\/div>\n\t\t\t\t<div class=\"elementor-element elementor-element-8d44f4b elementor-widget elementor-widget-text-editor\" data-id=\"8d44f4b\" data-element_type=\"widget\" data-widget_type=\"text-editor.default\">\n\t\t\t\t<div class=\"elementor-widget-container\">\n\t\t\t\t\t\t\t<p>El equipo de Fitecbot est\u00e1 a su disposici\u00f3n para ayudarlo a abrir su cuenta y responder cualquier pregunta relacionada con los servicios de Fitecbot.<\/p>\n\t\t\t\t\t\t<\/div>\n\t\t\t\t<\/div>\n\t\t\t\t<div class=\"elementor-element elementor-element-c98e45b elementor-align-center elementor-mobile-align-justify elementor-widget elementor-widget-button\" data-id=\"c98e45b\" data-element_type=\"widget\" data-widget_type=\"button.default\">\n\t\t\t\t<div class=\"elementor-widget-container\">\n\t\t\t\t\t<div class=\"elementor-button-wrapper\">\n\t\t\t<a class=\"elementor-button elementor-button-link elementor-size-sm\" href=\"https:\/\/fitecbot.com\/es\/contactenos\/\">\n\t\t\t\t\t\t<span class=\"elementor-button-content-wrapper\">\n\t\t\t\t\t\t<span class=\"elementor-button-text\">Cont\u00e1ctenos<\/span>\n\t\t<\/span>\n\t\t\t\t\t<\/a>\n\t\t<\/div>\n\t\t\t\t<\/div>\n\t\t\t\t<\/div>\n\t\t\t\t\t<\/div>\n\t\t<\/div>\n\t\t\t\t\t\t\t<\/div>\n\t\t<\/section>\n\t\t\t\t\t\t\t<\/div>\n\t\t","protected":false},"excerpt":{"rendered":"<p>Preguntas Frecuentes \u00bfQu\u00e9 hace que Fitecbot sea \u00fanico? Creamos Fitecbot [&hellip;]<\/p>\n","protected":false},"author":2,"featured_media":0,"parent":0,"menu_order":0,"comment_status":"closed","ping_status":"closed","template":"elementor_header_footer","meta":{"footnotes":""},"_links":{"self":[{"href":"https:\/\/fitecbot.com\/es\/wp-json\/wp\/v2\/pages\/1826"}],"collection":[{"href":"https:\/\/fitecbot.com\/es\/wp-json\/wp\/v2\/pages"}],"about":[{"href":"https:\/\/fitecbot.com\/es\/wp-json\/wp\/v2\/types\/page"}],"author":[{"embeddable":true,"href":"https:\/\/fitecbot.com\/es\/wp-json\/wp\/v2\/users\/2"}],"replies":[{"embeddable":true,"href":"https:\/\/fitecbot.com\/es\/wp-json\/wp\/v2\/comments?post=1826"}],"version-history":[{"count":39,"href":"https:\/\/fitecbot.com\/es\/wp-json\/wp\/v2\/pages\/1826\/revisions"}],"predecessor-version":[{"id":3959,"href":"https:\/\/fitecbot.com\/es\/wp-json\/wp\/v2\/pages\/1826\/revisions\/3959"}],"wp:attachment":[{"href":"https:\/\/fitecbot.com\/es\/wp-json\/wp\/v2\/media?parent=1826"}],"curies":[{"name":"wp","href":"https:\/\/api.w.org\/{rel}","templated":true}]}}